{"id":259,"date":"2020-10-29T17:37:09","date_gmt":"2020-10-29T17:37:09","guid":{"rendered":"https:\/\/dev.auxiliavalencia.es\/?page_id=259"},"modified":"2025-12-10T12:04:40","modified_gmt":"2025-12-10T12:04:40","slug":"sensibilizacion","status":"publish","type":"page","link":"https:\/\/auxiliavalencia.es\/va\/sensibilizacion","title":{"rendered":"Sensibilitzaci\u00f3"},"content":{"rendered":"<div data-elementor-type=\"wp-page\" data-elementor-id=\"259\" class=\"elementor elementor-259\" data-elementor-post-type=\"page\">\n\t\t\t\t\t\t<section class=\"elementor-section elementor-top-section elementor-element elementor-element-2b5a8a57 elementor-section-height-min-height elementor-section-content-middle elementor-section-stretched elementor-section-boxed elementor-section-height-default elementor-section-items-middle\" data-id=\"2b5a8a57\" data-element_type=\"section\" data-settings=\"{&quot;stretch_section&quot;:&quot;section-stretched&quot;,&quot;background_background&quot;:&quot;classic&quot;}\">\n\t\t\t\t\t\t<div class=\"elementor-container elementor-column-gap-default\">\n\t\t\t\t\t<div class=\"elementor-column elementor-col-50 elementor-top-column elementor-element elementor-element-febffbe\" data-id=\"febffbe\" data-element_type=\"column\">\n\t\t\t<div class=\"elementor-widget-wrap\">\n\t\t\t\t\t\t\t<\/div>\n\t\t<\/div>\n\t\t\t\t<div class=\"elementor-column elementor-col-50 elementor-top-column elementor-element elementor-element-fc78594\" data-id=\"fc78594\" data-element_type=\"column\" data-settings=\"{&quot;background_background&quot;:&quot;classic&quot;}\">\n\t\t\t<div class=\"elementor-widget-wrap elementor-element-populated\">\n\t\t\t\t\t\t<div class=\"elementor-element elementor-element-51ddfcd6 elementor-widget elementor-widget-text-editor\" data-id=\"51ddfcd6\" data-element_type=\"widget\" data-widget_type=\"text-editor.default\">\n\t\t\t\t<div class=\"elementor-widget-container\">\n\t\t\t\t\t\t\t\t\t<p>Sensibilitzaci\u00f3<\/p>\t\t\t\t\t\t\t\t<\/div>\n\t\t\t\t<\/div>\n\t\t\t\t<div class=\"elementor-element elementor-element-200ed4b5 elementor-widget-divider--view-line elementor-widget elementor-widget-divider\" data-id=\"200ed4b5\" data-element_type=\"widget\" data-widget_type=\"divider.default\">\n\t\t\t\t<div class=\"elementor-widget-container\">\n\t\t\t\t\t\t\t<div class=\"elementor-divider\">\n\t\t\t<span class=\"elementor-divider-separator\">\n\t\t\t\t\t\t<\/span>\n\t\t<\/div>\n\t\t\t\t\t\t<\/div>\n\t\t\t\t<\/div>\n\t\t\t\t<div class=\"elementor-element elementor-element-da27d07 elementor-widget elementor-widget-text-editor\" data-id=\"da27d07\" data-element_type=\"widget\" data-widget_type=\"text-editor.default\">\n\t\t\t\t<div class=\"elementor-widget-container\">\n\t\t\t\t\t\t\t\t\t<p>Campanyes presencials i telem\u00e0tiques que tenen com a fi visibilitzar la realitat de les persones amb diversitat funcional aix\u00ed com promocionar el voluntariat. El confinament no ens va impedir continuar realitzant voluntariat; ens va ensenyar que hi havia altres maneres de fer-ho.<\/p>\t\t\t\t\t\t\t\t<\/div>\n\t\t\t\t<\/div>\n\t\t\t\t\t<\/div>\n\t\t<\/div>\n\t\t\t\t\t<\/div>\n\t\t<\/section>\n\t\t\t\t<section class=\"elementor-section elementor-top-section elementor-element elementor-element-047527a elementor-section-boxed elementor-section-height-default elementor-section-height-default\" data-id=\"047527a\" data-element_type=\"section\">\n\t\t\t\t\t\t<div class=\"elementor-container elementor-column-gap-wider\">\n\t\t\t\t\t<div class=\"elementor-column elementor-col-50 elementor-top-column elementor-element elementor-element-5f66782\" data-id=\"5f66782\" data-element_type=\"column\">\n\t\t\t<div class=\"elementor-widget-wrap elementor-element-populated\">\n\t\t\t\t\t\t<div class=\"elementor-element elementor-element-2a0e8f9 elementor-widget elementor-widget-image\" data-id=\"2a0e8f9\" data-element_type=\"widget\" data-widget_type=\"image.default\">\n\t\t\t\t<div class=\"elementor-widget-container\">\n\t\t\t\t\t\t\t\t\t\t\t\t\t\t\t<img fetchpriority=\"high\" decoding=\"async\" width=\"1024\" height=\"768\" src=\"https:\/\/auxiliavalencia.es\/wp-content\/uploads\/2022\/11\/IMG-20220423-WA0068-1024x768.jpg\" class=\"attachment-large size-large wp-image-1025\" alt=\"\" srcset=\"https:\/\/auxiliavalencia.es\/wp-content\/uploads\/2022\/11\/IMG-20220423-WA0068-1024x768.jpg 1024w, https:\/\/auxiliavalencia.es\/wp-content\/uploads\/2022\/11\/IMG-20220423-WA0068-300x225.jpg 300w, https:\/\/auxiliavalencia.es\/wp-content\/uploads\/2022\/11\/IMG-20220423-WA0068-768x576.jpg 768w, https:\/\/auxiliavalencia.es\/wp-content\/uploads\/2022\/11\/IMG-20220423-WA0068-1536x1152.jpg 1536w, https:\/\/auxiliavalencia.es\/wp-content\/uploads\/2022\/11\/IMG-20220423-WA0068-16x12.jpg 16w, https:\/\/auxiliavalencia.es\/wp-content\/uploads\/2022\/11\/IMG-20220423-WA0068.jpg 2048w\" sizes=\"(max-width: 1024px) 100vw, 1024px\" \/>\t\t\t\t\t\t\t\t\t\t\t\t\t\t\t<\/div>\n\t\t\t\t<\/div>\n\t\t\t\t\t<\/div>\n\t\t<\/div>\n\t\t\t\t<div class=\"elementor-column elementor-col-50 elementor-top-column elementor-element elementor-element-24a7e81\" data-id=\"24a7e81\" data-element_type=\"column\">\n\t\t\t<div class=\"elementor-widget-wrap elementor-element-populated\">\n\t\t\t\t\t\t<div class=\"elementor-element elementor-element-ba81efc elementor-widget elementor-widget-text-editor\" data-id=\"ba81efc\" data-element_type=\"widget\" data-widget_type=\"text-editor.default\">\n\t\t\t\t<div class=\"elementor-widget-container\">\n\t\t\t\t\t\t\t\t\t<h3 class=\"translation-block\">Vols fer costat a una persona en les seues tasques de la vida di\u00e0ria?<\/h3>\t\t\t\t\t\t\t\t<\/div>\n\t\t\t\t<\/div>\n\t\t\t\t<div class=\"elementor-element elementor-element-b9ae43b elementor-widget elementor-widget-text-editor\" data-id=\"b9ae43b\" data-element_type=\"widget\" data-widget_type=\"text-editor.default\">\n\t\t\t\t<div class=\"elementor-widget-container\">\n\t\t\t\t\t\t\t\t\t<p class=\"translation-block\">Informa't sobre el nostre Programa de Suport Individual.<\/p>\t\t\t\t\t\t\t\t<\/div>\n\t\t\t\t<\/div>\n\t\t\t\t<div class=\"elementor-element elementor-element-bc02071 elementor-widget elementor-widget-button\" data-id=\"bc02071\" data-element_type=\"widget\" data-widget_type=\"button.default\">\n\t\t\t\t<div class=\"elementor-widget-container\">\n\t\t\t\t\t\t\t\t\t<div class=\"elementor-button-wrapper\">\n\t\t\t\t\t<a class=\"elementor-button elementor-button-link elementor-size-md\" href=\"https:\/\/auxiliavalencia.es\/va\/colabora\/\">\n\t\t\t\t\t\t<span class=\"elementor-button-content-wrapper\">\n\t\t\t\t\t\t\t\t\t<span class=\"elementor-button-text\">Sol\u00b7licitar informaci\u00f3<\/span>\n\t\t\t\t\t<\/span>\n\t\t\t\t\t<\/a>\n\t\t\t\t<\/div>\n\t\t\t\t\t\t\t\t<\/div>\n\t\t\t\t<\/div>\n\t\t\t\t\t<\/div>\n\t\t<\/div>\n\t\t\t\t\t<\/div>\n\t\t<\/section>\n\t\t\t\t<section class=\"elementor-section elementor-top-section elementor-element elementor-element-61bc38e elementor-section-boxed elementor-section-height-default elementor-section-height-default\" data-id=\"61bc38e\" data-element_type=\"section\">\n\t\t\t\t\t\t<div class=\"elementor-container elementor-column-gap-default\">\n\t\t\t\t\t<div class=\"elementor-column elementor-col-100 elementor-top-column elementor-element elementor-element-e9f1686\" data-id=\"e9f1686\" data-element_type=\"column\">\n\t\t\t<div class=\"elementor-widget-wrap elementor-element-populated\">\n\t\t\t\t\t\t<div class=\"elementor-element elementor-element-83f95cc elementor-widget elementor-widget-text-editor\" data-id=\"83f95cc\" data-element_type=\"widget\" data-widget_type=\"text-editor.default\">\n\t\t\t\t<div class=\"elementor-widget-container\">\n\t\t\t\t\t\t\t\t\t<p><strong>Aqu\u00ed te dejamos algunas im\u00e1genes de nuestras jornadas de voluntariado y sensibilizaci\u00f3n<\/strong><\/p>\t\t\t\t\t\t\t\t<\/div>\n\t\t\t\t<\/div>\n\t\t\t\t\t<\/div>\n\t\t<\/div>\n\t\t\t\t\t<\/div>\n\t\t<\/section>\n\t\t\t\t<section class=\"elementor-section elementor-top-section elementor-element elementor-element-1e3be17 elementor-section-boxed elementor-section-height-default elementor-section-height-default\" data-id=\"1e3be17\" data-element_type=\"section\">\n\t\t\t\t\t\t<div class=\"elementor-container elementor-column-gap-default\">\n\t\t\t\t\t<div class=\"elementor-column elementor-col-33 elementor-top-column elementor-element elementor-element-9f9ac6c\" data-id=\"9f9ac6c\" data-element_type=\"column\">\n\t\t\t<div class=\"elementor-widget-wrap elementor-element-populated\">\n\t\t\t\t\t\t<div class=\"elementor-element elementor-element-d55c5cb elementor-widget elementor-widget-image\" data-id=\"d55c5cb\" data-element_type=\"widget\" data-widget_type=\"image.default\">\n\t\t\t\t<div class=\"elementor-widget-container\">\n\t\t\t\t\t\t\t\t\t\t\t\t\t\t\t<img decoding=\"async\" width=\"1024\" height=\"768\" src=\"https:\/\/auxiliavalencia.es\/wp-content\/uploads\/2020\/11\/IMG-20160812-WA0040-1024x768.jpg\" class=\"attachment-large size-large wp-image-417\" alt=\"\" srcset=\"https:\/\/auxiliavalencia.es\/wp-content\/uploads\/2020\/11\/IMG-20160812-WA0040-1024x768.jpg 1024w, https:\/\/auxiliavalencia.es\/wp-content\/uploads\/2020\/11\/IMG-20160812-WA0040-300x225.jpg 300w, https:\/\/auxiliavalencia.es\/wp-content\/uploads\/2020\/11\/IMG-20160812-WA0040-768x576.jpg 768w, https:\/\/auxiliavalencia.es\/wp-content\/uploads\/2020\/11\/IMG-20160812-WA0040-1536x1152.jpg 1536w, https:\/\/auxiliavalencia.es\/wp-content\/uploads\/2020\/11\/IMG-20160812-WA0040.jpg 1600w\" sizes=\"(max-width: 1024px) 100vw, 1024px\" \/>\t\t\t\t\t\t\t\t\t\t\t\t\t\t\t<\/div>\n\t\t\t\t<\/div>\n\t\t\t\t<div class=\"elementor-element elementor-element-127fba7 elementor-widget elementor-widget-text-editor\" data-id=\"127fba7\" data-element_type=\"widget\" data-widget_type=\"text-editor.default\">\n\t\t\t\t<div class=\"elementor-widget-container\">\n\t\t\t\t\t\t\t\t\t<p style=\"text-align: center;\"><strong>Jornadas 2023<\/strong><\/p>\t\t\t\t\t\t\t\t<\/div>\n\t\t\t\t<\/div>\n\t\t\t\t\t<\/div>\n\t\t<\/div>\n\t\t\t\t<div class=\"elementor-column elementor-col-33 elementor-top-column elementor-element elementor-element-b0fc2bd\" data-id=\"b0fc2bd\" data-element_type=\"column\">\n\t\t\t<div class=\"elementor-widget-wrap elementor-element-populated\">\n\t\t\t\t\t\t<div class=\"elementor-element elementor-element-e09cebd elementor-widget elementor-widget-image\" data-id=\"e09cebd\" data-element_type=\"widget\" data-widget_type=\"image.default\">\n\t\t\t\t<div class=\"elementor-widget-container\">\n\t\t\t\t\t\t\t\t\t\t\t\t\t\t\t<img decoding=\"async\" width=\"960\" height=\"720\" src=\"https:\/\/auxiliavalencia.es\/wp-content\/uploads\/2020\/10\/34047637_1909017189117480_7712704645826609152_n.jpg\" class=\"attachment-large size-large wp-image-96\" alt=\"\" srcset=\"https:\/\/auxiliavalencia.es\/wp-content\/uploads\/2020\/10\/34047637_1909017189117480_7712704645826609152_n.jpg 960w, https:\/\/auxiliavalencia.es\/wp-content\/uploads\/2020\/10\/34047637_1909017189117480_7712704645826609152_n-300x225.jpg 300w, https:\/\/auxiliavalencia.es\/wp-content\/uploads\/2020\/10\/34047637_1909017189117480_7712704645826609152_n-768x576.jpg 768w\" sizes=\"(max-width: 960px) 100vw, 960px\" \/>\t\t\t\t\t\t\t\t\t\t\t\t\t\t\t<\/div>\n\t\t\t\t<\/div>\n\t\t\t\t<div class=\"elementor-element elementor-element-444173b elementor-widget elementor-widget-text-editor\" data-id=\"444173b\" data-element_type=\"widget\" data-widget_type=\"text-editor.default\">\n\t\t\t\t<div class=\"elementor-widget-container\">\n\t\t\t\t\t\t\t\t\t<p style=\"text-align: center;\"><strong>Jornadas 2022<\/strong><\/p>\t\t\t\t\t\t\t\t<\/div>\n\t\t\t\t<\/div>\n\t\t\t\t\t<\/div>\n\t\t<\/div>\n\t\t\t\t<div class=\"elementor-column elementor-col-33 elementor-top-column elementor-element elementor-element-1555952\" data-id=\"1555952\" data-element_type=\"column\">\n\t\t\t<div class=\"elementor-widget-wrap elementor-element-populated\">\n\t\t\t\t\t\t<div class=\"elementor-element elementor-element-82e1897 elementor-widget elementor-widget-image\" data-id=\"82e1897\" data-element_type=\"widget\" data-widget_type=\"image.default\">\n\t\t\t\t<div class=\"elementor-widget-container\">\n\t\t\t\t\t\t\t\t\t\t\t\t\t\t\t<img loading=\"lazy\" decoding=\"async\" width=\"1024\" height=\"768\" src=\"https:\/\/auxiliavalencia.es\/wp-content\/uploads\/2020\/11\/IMG_20200906_002428-1024x768.jpg\" class=\"attachment-large size-large wp-image-324\" alt=\"\" srcset=\"https:\/\/auxiliavalencia.es\/wp-content\/uploads\/2020\/11\/IMG_20200906_002428-1024x768.jpg 1024w, https:\/\/auxiliavalencia.es\/wp-content\/uploads\/2020\/11\/IMG_20200906_002428-300x225.jpg 300w, https:\/\/auxiliavalencia.es\/wp-content\/uploads\/2020\/11\/IMG_20200906_002428-768x576.jpg 768w, https:\/\/auxiliavalencia.es\/wp-content\/uploads\/2020\/11\/IMG_20200906_002428-1536x1152.jpg 1536w, https:\/\/auxiliavalencia.es\/wp-content\/uploads\/2020\/11\/IMG_20200906_002428-2048x1536.jpg 2048w\" sizes=\"(max-width: 1024px) 100vw, 1024px\" \/>\t\t\t\t\t\t\t\t\t\t\t\t\t\t\t<\/div>\n\t\t\t\t<\/div>\n\t\t\t\t<div class=\"elementor-element elementor-element-7315436 elementor-widget elementor-widget-text-editor\" data-id=\"7315436\" data-element_type=\"widget\" data-widget_type=\"text-editor.default\">\n\t\t\t\t<div class=\"elementor-widget-container\">\n\t\t\t\t\t\t\t\t\t<p><strong>Jornadas 2021 <\/strong><\/p>\t\t\t\t\t\t\t\t<\/div>\n\t\t\t\t<\/div>\n\t\t\t\t\t<\/div>\n\t\t<\/div>\n\t\t\t\t\t<\/div>\n\t\t<\/section>\n\t\t\t\t<section class=\"elementor-section elementor-top-section elementor-element elementor-element-a6e3a06 elementor-section-boxed elementor-section-height-default elementor-section-height-default\" data-id=\"a6e3a06\" data-element_type=\"section\">\n\t\t\t\t\t\t<div class=\"elementor-container elementor-column-gap-default\">\n\t\t\t\t\t<div class=\"elementor-column elementor-col-50 elementor-top-column elementor-element elementor-element-f29e546\" data-id=\"f29e546\" data-element_type=\"column\">\n\t\t\t<div class=\"elementor-widget-wrap elementor-element-populated\">\n\t\t\t\t\t\t<div class=\"elementor-element elementor-element-1b7a4a9 elementor-widget elementor-widget-image\" data-id=\"1b7a4a9\" data-element_type=\"widget\" data-widget_type=\"image.default\">\n\t\t\t\t<div class=\"elementor-widget-container\">\n\t\t\t\t\t\t\t\t\t\t\t\t\t\t\t<img decoding=\"async\" src=\"https:\/\/auxiliavalencia.es\/wp-content\/uploads\/elementor\/thumbs\/WhatsApp-Image-2024-10-19-at-13.41.30-rfy7y5x5nxpc6pysjxqkc9s1dtb81yq8uvyibx3m68.jpeg\" title=\"WhatsApp Image 2024-10-19 at 13.41.30\" alt=\"WhatsApp Image 2024-10-19 at 13.41.30\" loading=\"lazy\" \/>\t\t\t\t\t\t\t\t\t\t\t\t\t\t\t<\/div>\n\t\t\t\t<\/div>\n\t\t\t\t\t<\/div>\n\t\t<\/div>\n\t\t\t\t<div class=\"elementor-column elementor-col-50 elementor-top-column elementor-element elementor-element-9f92986\" data-id=\"9f92986\" data-element_type=\"column\">\n\t\t\t<div class=\"elementor-widget-wrap elementor-element-populated\">\n\t\t\t\t\t\t<div class=\"elementor-element elementor-element-a1a68f1 elementor-widget elementor-widget-image\" data-id=\"a1a68f1\" data-element_type=\"widget\" data-widget_type=\"image.default\">\n\t\t\t\t<div class=\"elementor-widget-container\">\n\t\t\t\t\t\t\t\t\t\t\t\t\t\t\t<img decoding=\"async\" src=\"https:\/\/auxiliavalencia.es\/wp-content\/uploads\/elementor\/thumbs\/Imagen-de-WhatsApp-2025-10-23-a-las-13.28.40_19ad7811-rfy7yh77xy5lq3nmidp5jhw32iipyvc8nzr7113klc.jpg\" title=\"Imagen de WhatsApp 2025-10-23 a las 13.28.40_19ad7811\" alt=\"Imagen de WhatsApp 2025-10-23 a las 13.28.40_19ad7811\" loading=\"lazy\" \/>\t\t\t\t\t\t\t\t\t\t\t\t\t\t\t<\/div>\n\t\t\t\t<\/div>\n\t\t\t\t\t<\/div>\n\t\t<\/div>\n\t\t\t\t\t<\/div>\n\t\t<\/section>\n\t\t\t\t<section class=\"elementor-section elementor-top-section elementor-element elementor-element-6b38fab elementor-section-boxed elementor-section-height-default elementor-section-height-default\" data-id=\"6b38fab\" data-element_type=\"section\">\n\t\t\t\t\t\t<div class=\"elementor-container elementor-column-gap-default\">\n\t\t\t\t\t<div class=\"elementor-column elementor-col-100 elementor-top-column elementor-element elementor-element-36fa6bb\" data-id=\"36fa6bb\" data-element_type=\"column\">\n\t\t\t<div class=\"elementor-widget-wrap elementor-element-populated\">\n\t\t\t\t\t\t<div class=\"elementor-element elementor-element-0adc407 elementor-widget elementor-widget-text-editor\" data-id=\"0adc407\" data-element_type=\"widget\" data-widget_type=\"text-editor.default\">\n\t\t\t\t<div class=\"elementor-widget-container\">\n\t\t\t\t\t\t\t\t\t<p style=\"text-align: center;\"><strong>Jornadas 2024<\/strong><\/p>\t\t\t\t\t\t\t\t<\/div>\n\t\t\t\t<\/div>\n\t\t\t\t\t<\/div>\n\t\t<\/div>\n\t\t\t\t\t<\/div>\n\t\t<\/section>\n\t\t\t\t<section class=\"elementor-section elementor-top-section elementor-element elementor-element-f6d2a67 elementor-section-boxed elementor-section-height-default elementor-section-height-default\" data-id=\"f6d2a67\" data-element_type=\"section\">\n\t\t\t\t\t\t<div class=\"elementor-container elementor-column-gap-default\">\n\t\t\t\t\t<div class=\"elementor-column elementor-col-50 elementor-top-column elementor-element elementor-element-611281c\" data-id=\"611281c\" data-element_type=\"column\">\n\t\t\t<div class=\"elementor-widget-wrap elementor-element-populated\">\n\t\t\t\t\t\t<div class=\"elementor-element elementor-element-717635c elementor-widget elementor-widget-image\" data-id=\"717635c\" data-element_type=\"widget\" data-widget_type=\"image.default\">\n\t\t\t\t<div class=\"elementor-widget-container\">\n\t\t\t\t\t\t\t\t\t\t\t\t\t\t\t<img decoding=\"async\" src=\"https:\/\/auxiliavalencia.es\/wp-content\/uploads\/elementor\/thumbs\/Imagen-de-WhatsApp-2025-10-23-a-las-13.36.15_8c86184b-rfy83r2mahcp79ulxcoq5v0oi9rrt6wsyjkf14td6o.jpg\" title=\"Imagen de WhatsApp 2025-10-23 a las 13.36.15_8c86184b\" alt=\"Imagen de WhatsApp 2025-10-23 a las 13.36.15_8c86184b\" loading=\"lazy\" \/>\t\t\t\t\t\t\t\t\t\t\t\t\t\t\t<\/div>\n\t\t\t\t<\/div>\n\t\t\t\t\t<\/div>\n\t\t<\/div>\n\t\t\t\t<div class=\"elementor-column elementor-col-50 elementor-top-column elementor-element elementor-element-9bcbed1\" data-id=\"9bcbed1\" data-element_type=\"column\">\n\t\t\t<div class=\"elementor-widget-wrap elementor-element-populated\">\n\t\t\t\t\t\t<div class=\"elementor-element elementor-element-f0a5703 elementor-widget elementor-widget-image\" data-id=\"f0a5703\" data-element_type=\"widget\" data-widget_type=\"image.default\">\n\t\t\t\t<div class=\"elementor-widget-container\">\n\t\t\t\t\t\t\t\t\t\t\t\t\t\t\t<img decoding=\"async\" src=\"https:\/\/auxiliavalencia.es\/wp-content\/uploads\/elementor\/thumbs\/jornada-rfy849ve3639bj8invwbx18ey1y7focngokzkgi680.jpeg\" title=\"jornada\" alt=\"jornada\" loading=\"lazy\" \/>\t\t\t\t\t\t\t\t\t\t\t\t\t\t\t<\/div>\n\t\t\t\t<\/div>\n\t\t\t\t\t<\/div>\n\t\t<\/div>\n\t\t\t\t\t<\/div>\n\t\t<\/section>\n\t\t\t\t<section class=\"elementor-section elementor-top-section elementor-element elementor-element-07cdb14 elementor-section-boxed elementor-section-height-default elementor-section-height-default\" data-id=\"07cdb14\" data-element_type=\"section\">\n\t\t\t\t\t\t<div class=\"elementor-container elementor-column-gap-default\">\n\t\t\t\t\t<div class=\"elementor-column elementor-col-50 elementor-top-column elementor-element elementor-element-ee3e1e9\" data-id=\"ee3e1e9\" data-element_type=\"column\">\n\t\t\t<div class=\"elementor-widget-wrap elementor-element-populated\">\n\t\t\t\t\t\t<div class=\"elementor-element elementor-element-375491b elementor-widget elementor-widget-image\" data-id=\"375491b\" data-element_type=\"widget\" data-widget_type=\"image.default\">\n\t\t\t\t<div class=\"elementor-widget-container\">\n\t\t\t\t\t\t\t\t\t\t\t\t\t\t\t<img decoding=\"async\" src=\"https:\/\/auxiliavalencia.es\/wp-content\/uploads\/elementor\/thumbs\/WhatsApp-Image-2025-02-15-at-22.03.15-rfy84at8a03pz31xq37w481czd2hau36199m3y03k0.jpeg\" title=\"WhatsApp Image 2025-02-15 at 22.03.15\" alt=\"WhatsApp Image 2025-02-15 at 22.03.15\" loading=\"lazy\" \/>\t\t\t\t\t\t\t\t\t\t\t\t\t\t\t<\/div>\n\t\t\t\t<\/div>\n\t\t\t\t\t<\/div>\n\t\t<\/div>\n\t\t\t\t<div class=\"elementor-column elementor-col-50 elementor-top-column elementor-element elementor-element-3655fbd\" data-id=\"3655fbd\" data-element_type=\"column\">\n\t\t\t<div class=\"elementor-widget-wrap elementor-element-populated\">\n\t\t\t\t\t\t<div class=\"elementor-element elementor-element-7e163cf elementor-widget elementor-widget-image\" data-id=\"7e163cf\" data-element_type=\"widget\" data-widget_type=\"image.default\">\n\t\t\t\t<div class=\"elementor-widget-container\">\n\t\t\t\t\t\t\t\t\t\t\t\t\t\t\t<img decoding=\"async\" src=\"https:\/\/auxiliavalencia.es\/wp-content\/uploads\/elementor\/thumbs\/Imagen-de-WhatsApp-2025-10-23-a-las-13.23.45_fa318449-rfy848xjwc1yzx9vtdhpcjgyco2u7z8x4jxi36jke8.jpg\" title=\"Imagen de WhatsApp 2025-10-23 a las 13.23.45_fa318449\" alt=\"Imagen de WhatsApp 2025-10-23 a las 13.23.45_fa318449\" loading=\"lazy\" \/>\t\t\t\t\t\t\t\t\t\t\t\t\t\t\t<\/div>\n\t\t\t\t<\/div>\n\t\t\t\t\t<\/div>\n\t\t<\/div>\n\t\t\t\t\t<\/div>\n\t\t<\/section>\n\t\t\t\t<section class=\"elementor-section elementor-top-section elementor-element elementor-element-1cb0bef elementor-section-boxed elementor-section-height-default elementor-section-height-default\" data-id=\"1cb0bef\" data-element_type=\"section\">\n\t\t\t\t\t\t<div class=\"elementor-container elementor-column-gap-default\">\n\t\t\t\t\t<div class=\"elementor-column elementor-col-100 elementor-top-column elementor-element elementor-element-2408fc3\" data-id=\"2408fc3\" data-element_type=\"column\">\n\t\t\t<div class=\"elementor-widget-wrap elementor-element-populated\">\n\t\t\t\t\t\t<div class=\"elementor-element elementor-element-7981a48 elementor-widget elementor-widget-text-editor\" data-id=\"7981a48\" data-element_type=\"widget\" data-widget_type=\"text-editor.default\">\n\t\t\t\t<div class=\"elementor-widget-container\">\n\t\t\t\t\t\t\t\t\t<p style=\"text-align: center;\"><strong>Jornadas 2025<\/strong><\/p>\t\t\t\t\t\t\t\t<\/div>\n\t\t\t\t<\/div>\n\t\t\t\t\t<\/div>\n\t\t<\/div>\n\t\t\t\t\t<\/div>\n\t\t<\/section>\n\t\t\t\t<section class=\"elementor-section elementor-top-section elementor-element elementor-element-1bc1231 elementor-section-content-middle elementor-section-boxed elementor-section-height-default elementor-section-height-default\" data-id=\"1bc1231\" data-element_type=\"section\" data-settings=\"{&quot;background_background&quot;:&quot;classic&quot;}\">\n\t\t\t\t\t\t<div class=\"elementor-container elementor-column-gap-default\">\n\t\t\t\t\t<div class=\"elementor-column elementor-col-50 elementor-top-column elementor-element elementor-element-578ca93\" data-id=\"578ca93\" data-element_type=\"column\">\n\t\t\t<div class=\"elementor-widget-wrap elementor-element-populated\">\n\t\t\t\t\t\t<div class=\"elementor-element elementor-element-b984f79 elementor-widget elementor-widget-text-editor\" data-id=\"b984f79\" data-element_type=\"widget\" data-widget_type=\"text-editor.default\">\n\t\t\t\t<div class=\"elementor-widget-container\">\n\t\t\t\t\t\t\t\t\t<p><strong>\u00bfTens temps lliure a casa?<\/strong> \u00a1Inscriu-te al voluntariat telem\u00e0tic!<\/p>\t\t\t\t\t\t\t\t<\/div>\n\t\t\t\t<\/div>\n\t\t\t\t\t<\/div>\n\t\t<\/div>\n\t\t\t\t<div class=\"elementor-column elementor-col-50 elementor-top-column elementor-element elementor-element-c897901\" data-id=\"c897901\" data-element_type=\"column\">\n\t\t\t<div class=\"elementor-widget-wrap elementor-element-populated\">\n\t\t\t\t\t\t<div class=\"elementor-element elementor-element-605ec02 elementor-widget elementor-widget-button\" data-id=\"605ec02\" data-element_type=\"widget\" data-widget_type=\"button.default\">\n\t\t\t\t<div class=\"elementor-widget-container\">\n\t\t\t\t\t\t\t\t\t<div class=\"elementor-button-wrapper\">\n\t\t\t\t\t<a class=\"elementor-button elementor-button-link elementor-size-md\" href=\"https:\/\/auxiliavalencia.es\/va\/colabora\/\">\n\t\t\t\t\t\t<span class=\"elementor-button-content-wrapper\">\n\t\t\t\t\t\t\t\t\t<span class=\"elementor-button-text\">Sol\u00b7licitar informaci\u00f3<\/span>\n\t\t\t\t\t<\/span>\n\t\t\t\t\t<\/a>\n\t\t\t\t<\/div>\n\t\t\t\t\t\t\t\t<\/div>\n\t\t\t\t<\/div>\n\t\t\t\t\t<\/div>\n\t\t<\/div>\n\t\t\t\t\t<\/div>\n\t\t<\/section>\n\t\t\t\t<\/div>","protected":false},"excerpt":{"rendered":"<p>Sensibilizaci\u00f3n Campa\u00f1as presenciales y telem\u00e1ticas que tienen como fin visibilizar la realidad de las personas con diversidad funcional as\u00ed como promocionar el voluntariado. El confinamiento no nos impidi\u00f3 seguir realizando voluntariado; nos ense\u00f1\u00f3 que hab\u00eda otras maneras de hacerlo. \u00bfQuieres apoyar a una persona en sus tareas de la vida diaria? Inf\u00f3rmate sobre nuestro Programa&#8230;<\/p>","protected":false},"author":1,"featured_media":0,"parent":0,"menu_order":0,"comment_status":"closed","ping_status":"closed","template":"","meta":{"footnotes":""},"class_list":["post-259","page","type-page","status-publish","hentry"],"_links":{"self":[{"href":"https:\/\/auxiliavalencia.es\/va\/wp-json\/wp\/v2\/pages\/259","targetHints":{"allow":["GET"]}}],"collection":[{"href":"https:\/\/auxiliavalencia.es\/va\/wp-json\/wp\/v2\/pages"}],"about":[{"href":"https:\/\/auxiliavalencia.es\/va\/wp-json\/wp\/v2\/types\/page"}],"author":[{"embeddable":true,"href":"https:\/\/auxiliavalencia.es\/va\/wp-json\/wp\/v2\/users\/1"}],"replies":[{"embeddable":true,"href":"https:\/\/auxiliavalencia.es\/va\/wp-json\/wp\/v2\/comments?post=259"}],"version-history":[{"count":56,"href":"https:\/\/auxiliavalencia.es\/va\/wp-json\/wp\/v2\/pages\/259\/revisions"}],"predecessor-version":[{"id":2001,"href":"https:\/\/auxiliavalencia.es\/va\/wp-json\/wp\/v2\/pages\/259\/revisions\/2001"}],"wp:attachment":[{"href":"https:\/\/auxiliavalencia.es\/va\/wp-json\/wp\/v2\/media?parent=259"}],"curies":[{"name":"wp","href":"https:\/\/api.w.org\/{rel}","templated":true}]}}