{"id":269,"date":"2020-10-29T17:38:39","date_gmt":"2020-10-29T17:38:39","guid":{"rendered":"https:\/\/dev.auxiliavalencia.es\/?page_id=269"},"modified":"2025-04-24T09:04:30","modified_gmt":"2025-04-24T09:04:30","slug":"accesibilidad","status":"publish","type":"page","link":"https:\/\/auxiliavalencia.es\/va\/accesibilidad","title":{"rendered":"Accessibilitat"},"content":{"rendered":"<div data-elementor-type=\"wp-page\" data-elementor-id=\"269\" class=\"elementor elementor-269\" data-elementor-post-type=\"page\">\n\t\t\t\t\t\t<section class=\"elementor-section elementor-top-section elementor-element elementor-element-20a5f312 elementor-section-height-min-height elementor-section-content-middle elementor-section-stretched elementor-section-boxed elementor-section-height-default elementor-section-items-middle\" data-id=\"20a5f312\" data-element_type=\"section\" data-settings=\"{&quot;stretch_section&quot;:&quot;section-stretched&quot;,&quot;background_background&quot;:&quot;classic&quot;}\">\n\t\t\t\t\t\t<div class=\"elementor-container elementor-column-gap-default\">\n\t\t\t\t\t<div class=\"elementor-column elementor-col-50 elementor-top-column elementor-element elementor-element-41025a33\" data-id=\"41025a33\" data-element_type=\"column\">\n\t\t\t<div class=\"elementor-widget-wrap\">\n\t\t\t\t\t\t\t<\/div>\n\t\t<\/div>\n\t\t\t\t<div class=\"elementor-column elementor-col-50 elementor-top-column elementor-element elementor-element-27377b48\" data-id=\"27377b48\" data-element_type=\"column\" data-settings=\"{&quot;background_background&quot;:&quot;classic&quot;}\">\n\t\t\t<div class=\"elementor-widget-wrap elementor-element-populated\">\n\t\t\t\t\t\t<div class=\"elementor-element elementor-element-2ca81252 elementor-widget elementor-widget-text-editor\" data-id=\"2ca81252\" data-element_type=\"widget\" data-widget_type=\"text-editor.default\">\n\t\t\t\t<div class=\"elementor-widget-container\">\n\t\t\t\t\t\t\t\t\t<p>Accessibilitat<\/p>\t\t\t\t\t\t\t\t<\/div>\n\t\t\t\t<\/div>\n\t\t\t\t<div class=\"elementor-element elementor-element-4fd33bd9 elementor-widget-divider--view-line elementor-widget elementor-widget-divider\" data-id=\"4fd33bd9\" data-element_type=\"widget\" data-widget_type=\"divider.default\">\n\t\t\t\t<div class=\"elementor-widget-container\">\n\t\t\t\t\t\t\t<div class=\"elementor-divider\">\n\t\t\t<span class=\"elementor-divider-separator\">\n\t\t\t\t\t\t<\/span>\n\t\t<\/div>\n\t\t\t\t\t\t<\/div>\n\t\t\t\t<\/div>\n\t\t\t\t<div class=\"elementor-element elementor-element-be52b13 elementor-widget elementor-widget-text-editor\" data-id=\"be52b13\" data-element_type=\"widget\" data-widget_type=\"text-editor.default\">\n\t\t\t\t<div class=\"elementor-widget-container\">\n\t\t\t\t\t\t\t\t\t<p>AUXILIA forma part de la Comissi\u00f3 d'Accessibilitat de Cocemfe CV. A trav\u00e9s de l'equip\nde voluntariat es treballa per l'eliminaci\u00f3 de barreres.<\/p>\t\t\t\t\t\t\t\t<\/div>\n\t\t\t\t<\/div>\n\t\t\t\t\t<\/div>\n\t\t<\/div>\n\t\t\t\t\t<\/div>\n\t\t<\/section>\n\t\t\t\t<section class=\"elementor-section elementor-top-section elementor-element elementor-element-c58effe elementor-section-boxed elementor-section-height-default elementor-section-height-default\" data-id=\"c58effe\" data-element_type=\"section\">\n\t\t\t\t\t\t<div class=\"elementor-container elementor-column-gap-default\">\n\t\t\t\t\t<div class=\"elementor-column elementor-col-33 elementor-top-column elementor-element elementor-element-337eb56\" data-id=\"337eb56\" data-element_type=\"column\">\n\t\t\t<div class=\"elementor-widget-wrap elementor-element-populated\">\n\t\t\t\t\t\t<div class=\"elementor-element elementor-element-fceece2 elementor-widget elementor-widget-image\" data-id=\"fceece2\" data-element_type=\"widget\" data-widget_type=\"image.default\">\n\t\t\t\t<div class=\"elementor-widget-container\">\n\t\t\t\t\t\t\t\t\t\t\t\t\t\t\t<img fetchpriority=\"high\" decoding=\"async\" width=\"1024\" height=\"768\" src=\"https:\/\/auxiliavalencia.es\/wp-content\/uploads\/2022\/11\/IMG-20220423-WA0068-1024x768.jpg\" class=\"attachment-large size-large wp-image-1025\" alt=\"\" srcset=\"https:\/\/auxiliavalencia.es\/wp-content\/uploads\/2022\/11\/IMG-20220423-WA0068-1024x768.jpg 1024w, https:\/\/auxiliavalencia.es\/wp-content\/uploads\/2022\/11\/IMG-20220423-WA0068-300x225.jpg 300w, https:\/\/auxiliavalencia.es\/wp-content\/uploads\/2022\/11\/IMG-20220423-WA0068-768x576.jpg 768w, https:\/\/auxiliavalencia.es\/wp-content\/uploads\/2022\/11\/IMG-20220423-WA0068-1536x1152.jpg 1536w, https:\/\/auxiliavalencia.es\/wp-content\/uploads\/2022\/11\/IMG-20220423-WA0068-16x12.jpg 16w, https:\/\/auxiliavalencia.es\/wp-content\/uploads\/2022\/11\/IMG-20220423-WA0068.jpg 2048w\" sizes=\"(max-width: 1024px) 100vw, 1024px\" \/>\t\t\t\t\t\t\t\t\t\t\t\t\t\t\t<\/div>\n\t\t\t\t<\/div>\n\t\t\t\t\t<\/div>\n\t\t<\/div>\n\t\t\t\t<div class=\"elementor-column elementor-col-33 elementor-top-column elementor-element elementor-element-04da3e6\" data-id=\"04da3e6\" data-element_type=\"column\">\n\t\t\t<div class=\"elementor-widget-wrap elementor-element-populated\">\n\t\t\t\t\t\t<div class=\"elementor-element elementor-element-f0fe568 elementor-widget elementor-widget-image\" data-id=\"f0fe568\" data-element_type=\"widget\" data-widget_type=\"image.default\">\n\t\t\t\t<div class=\"elementor-widget-container\">\n\t\t\t\t\t\t\t\t\t\t\t\t\t\t\t<img decoding=\"async\" width=\"1024\" height=\"768\" src=\"https:\/\/auxiliavalencia.es\/wp-content\/uploads\/2023\/11\/Piles-estancias-2023-1024x768.jpg\" class=\"attachment-large size-large wp-image-1463\" alt=\"\" srcset=\"https:\/\/auxiliavalencia.es\/wp-content\/uploads\/2023\/11\/Piles-estancias-2023-1024x768.jpg 1024w, https:\/\/auxiliavalencia.es\/wp-content\/uploads\/2023\/11\/Piles-estancias-2023-300x225.jpg 300w, https:\/\/auxiliavalencia.es\/wp-content\/uploads\/2023\/11\/Piles-estancias-2023-768x576.jpg 768w, https:\/\/auxiliavalencia.es\/wp-content\/uploads\/2023\/11\/Piles-estancias-2023-1536x1152.jpg 1536w, https:\/\/auxiliavalencia.es\/wp-content\/uploads\/2023\/11\/Piles-estancias-2023-16x12.jpg 16w, https:\/\/auxiliavalencia.es\/wp-content\/uploads\/2023\/11\/Piles-estancias-2023.jpg 1600w\" sizes=\"(max-width: 1024px) 100vw, 1024px\" \/>\t\t\t\t\t\t\t\t\t\t\t\t\t\t\t<\/div>\n\t\t\t\t<\/div>\n\t\t\t\t\t<\/div>\n\t\t<\/div>\n\t\t\t\t<div class=\"elementor-column elementor-col-33 elementor-top-column elementor-element elementor-element-e70ffb6\" data-id=\"e70ffb6\" data-element_type=\"column\">\n\t\t\t<div class=\"elementor-widget-wrap elementor-element-populated\">\n\t\t\t\t\t\t<div class=\"elementor-element elementor-element-bf291c6 elementor-widget elementor-widget-image\" data-id=\"bf291c6\" data-element_type=\"widget\" data-widget_type=\"image.default\">\n\t\t\t\t<div class=\"elementor-widget-container\">\n\t\t\t\t\t\t\t\t\t\t\t\t\t\t\t<img decoding=\"async\" width=\"1024\" height=\"768\" src=\"https:\/\/auxiliavalencia.es\/wp-content\/uploads\/2022\/11\/IMG-20220921-WA0012-1024x768.jpg\" class=\"attachment-large size-large wp-image-1020\" alt=\"\" srcset=\"https:\/\/auxiliavalencia.es\/wp-content\/uploads\/2022\/11\/IMG-20220921-WA0012-1024x768.jpg 1024w, https:\/\/auxiliavalencia.es\/wp-content\/uploads\/2022\/11\/IMG-20220921-WA0012-300x225.jpg 300w, https:\/\/auxiliavalencia.es\/wp-content\/uploads\/2022\/11\/IMG-20220921-WA0012-768x576.jpg 768w, https:\/\/auxiliavalencia.es\/wp-content\/uploads\/2022\/11\/IMG-20220921-WA0012-1536x1152.jpg 1536w, https:\/\/auxiliavalencia.es\/wp-content\/uploads\/2022\/11\/IMG-20220921-WA0012-16x12.jpg 16w, https:\/\/auxiliavalencia.es\/wp-content\/uploads\/2022\/11\/IMG-20220921-WA0012.jpg 1600w\" sizes=\"(max-width: 1024px) 100vw, 1024px\" \/>\t\t\t\t\t\t\t\t\t\t\t\t\t\t\t<\/div>\n\t\t\t\t<\/div>\n\t\t\t\t\t<\/div>\n\t\t<\/div>\n\t\t\t\t\t<\/div>\n\t\t<\/section>\n\t\t\t\t<section class=\"elementor-section elementor-top-section elementor-element elementor-element-11d6cef6 elementor-hidden-tablet elementor-hidden-mobile elementor-section-full_width elementor-section-height-default elementor-section-height-default\" data-id=\"11d6cef6\" data-element_type=\"section\" data-settings=\"{&quot;background_background&quot;:&quot;classic&quot;}\">\n\t\t\t\t\t\t<div class=\"elementor-container elementor-column-gap-default\">\n\t\t\t\t\t<div class=\"elementor-column elementor-col-100 elementor-top-column elementor-element elementor-element-79530171\" data-id=\"79530171\" data-element_type=\"column\">\n\t\t\t<div class=\"elementor-widget-wrap elementor-element-populated\">\n\t\t\t\t\t\t<section class=\"elementor-section elementor-inner-section elementor-element elementor-element-64a57e14 elementor-section-content-middle elementor-section-boxed elementor-section-height-default elementor-section-height-default\" data-id=\"64a57e14\" data-element_type=\"section\" data-settings=\"{&quot;background_background&quot;:&quot;classic&quot;}\">\n\t\t\t\t\t\t<div class=\"elementor-container elementor-column-gap-default\">\n\t\t\t\t\t<div class=\"elementor-column elementor-col-50 elementor-inner-column elementor-element elementor-element-26bbe18f\" data-id=\"26bbe18f\" data-element_type=\"column\" data-settings=\"{&quot;background_background&quot;:&quot;classic&quot;}\">\n\t\t\t<div class=\"elementor-widget-wrap elementor-element-populated\">\n\t\t\t\t\t\t<div class=\"elementor-element elementor-element-105e97df elementor-widget elementor-widget-text-editor\" data-id=\"105e97df\" data-element_type=\"widget\" data-widget_type=\"text-editor.default\">\n\t\t\t\t<div class=\"elementor-widget-container\">\n\t\t\t\t\t\t\t\t\t<p><span style=\"white-space: pre-wrap;\">\u00bfVols col\u00b7laborar amb nosaltres?<\/span><\/p>\t\t\t\t\t\t\t\t<\/div>\n\t\t\t\t<\/div>\n\t\t\t\t<div class=\"elementor-element elementor-element-65ee2197 elementor-widget elementor-widget-text-editor\" data-id=\"65ee2197\" data-element_type=\"widget\" data-widget_type=\"text-editor.default\">\n\t\t\t\t<div class=\"elementor-widget-container\">\n\t\t\t\t\t\t\t\t\t<p><span style=\"white-space: pre-wrap;\">La teva ajuda \u00e9s molt important. Pots contribuir de moltes maneres<\/span><\/p><p class=\"translation-block\">per a que AUXILIA continue amb la seva labor<\/p>\t\t\t\t\t\t\t\t<\/div>\n\t\t\t\t<\/div>\n\t\t\t\t\t<\/div>\n\t\t<\/div>\n\t\t\t\t<div class=\"elementor-column elementor-col-50 elementor-inner-column elementor-element elementor-element-14441224\" data-id=\"14441224\" data-element_type=\"column\" data-settings=\"{&quot;background_background&quot;:&quot;classic&quot;}\">\n\t\t\t<div class=\"elementor-widget-wrap elementor-element-populated\">\n\t\t\t\t\t\t<div class=\"elementor-element elementor-element-1ff23458 elementor-button-info elementor-align-center elementor-widget elementor-widget-button\" data-id=\"1ff23458\" data-element_type=\"widget\" data-widget_type=\"button.default\">\n\t\t\t\t<div class=\"elementor-widget-container\">\n\t\t\t\t\t\t\t\t\t<div class=\"elementor-button-wrapper\">\n\t\t\t\t\t<a class=\"elementor-button elementor-button-link elementor-size-md\" href=\"https:\/\/auxiliavalencia.es\/va\/colabora\/\">\n\t\t\t\t\t\t<span class=\"elementor-button-content-wrapper\">\n\t\t\t\t\t\t\t\t\t<span class=\"elementor-button-text\">Sol\u00b7licitar informaci\u00f3<\/span>\n\t\t\t\t\t<\/span>\n\t\t\t\t\t<\/a>\n\t\t\t\t<\/div>\n\t\t\t\t\t\t\t\t<\/div>\n\t\t\t\t<\/div>\n\t\t\t\t\t<\/div>\n\t\t<\/div>\n\t\t\t\t\t<\/div>\n\t\t<\/section>\n\t\t\t\t\t<\/div>\n\t\t<\/div>\n\t\t\t\t\t<\/div>\n\t\t<\/section>\n\t\t\t\t<\/div>","protected":false},"excerpt":{"rendered":"<p>Accesibilidad AUXILIA forma parte de la Comisi\u00f3n de Accesibilidad de Cocemfe CV. A trav\u00e9s del equipo de voluntariado se trabaja por la eliminaci\u00f3n de barreras. \u00bfQuieres colaborar con nosotros? Tu ayuda es muy importante. Puedes contribuir de muchas formas para que AUXILIA contin\u00fae con su labor. Solicitar informaci\u00f3n<\/p>","protected":false},"author":1,"featured_media":0,"parent":0,"menu_order":0,"comment_status":"closed","ping_status":"closed","template":"","meta":{"footnotes":""},"class_list":["post-269","page","type-page","status-publish","hentry"],"_links":{"self":[{"href":"https:\/\/auxiliavalencia.es\/va\/wp-json\/wp\/v2\/pages\/269","targetHints":{"allow":["GET"]}}],"collection":[{"href":"https:\/\/auxiliavalencia.es\/va\/wp-json\/wp\/v2\/pages"}],"about":[{"href":"https:\/\/auxiliavalencia.es\/va\/wp-json\/wp\/v2\/types\/page"}],"author":[{"embeddable":true,"href":"https:\/\/auxiliavalencia.es\/va\/wp-json\/wp\/v2\/users\/1"}],"replies":[{"embeddable":true,"href":"https:\/\/auxiliavalencia.es\/va\/wp-json\/wp\/v2\/comments?post=269"}],"version-history":[{"count":24,"href":"https:\/\/auxiliavalencia.es\/va\/wp-json\/wp\/v2\/pages\/269\/revisions"}],"predecessor-version":[{"id":1721,"href":"https:\/\/auxiliavalencia.es\/va\/wp-json\/wp\/v2\/pages\/269\/revisions\/1721"}],"wp:attachment":[{"href":"https:\/\/auxiliavalencia.es\/va\/wp-json\/wp\/v2\/media?parent=269"}],"curies":[{"name":"wp","href":"https:\/\/api.w.org\/{rel}","templated":true}]}}