{"id":9,"date":"2020-10-23T10:51:29","date_gmt":"2020-10-23T10:51:29","guid":{"rendered":"https:\/\/dev.auxiliavalencia.es\/?page_id=9"},"modified":"2025-04-24T09:04:55","modified_gmt":"2025-04-24T09:04:55","slug":"noticias","status":"publish","type":"page","link":"https:\/\/auxiliavalencia.es\/va\/noticias","title":{"rendered":"Notic\u00edes"},"content":{"rendered":"<div data-elementor-type=\"wp-page\" data-elementor-id=\"9\" class=\"elementor elementor-9\" data-elementor-post-type=\"page\">\n\t\t\t\t\t\t<section class=\"elementor-section elementor-top-section elementor-element elementor-element-e79055c elementor-section-boxed elementor-section-height-default elementor-section-height-default\" data-id=\"e79055c\" data-element_type=\"section\">\n\t\t\t\t\t\t<div class=\"elementor-container elementor-column-gap-default\">\n\t\t\t\t\t<div class=\"elementor-column elementor-col-16 elementor-top-column elementor-element elementor-element-285796a0\" data-id=\"285796a0\" data-element_type=\"column\">\n\t\t\t<div class=\"elementor-widget-wrap\">\n\t\t\t\t\t\t\t<\/div>\n\t\t<\/div>\n\t\t\t\t<div class=\"elementor-column elementor-col-66 elementor-top-column elementor-element elementor-element-75bbb58e\" data-id=\"75bbb58e\" data-element_type=\"column\">\n\t\t\t<div class=\"elementor-widget-wrap elementor-element-populated\">\n\t\t\t\t\t\t<div class=\"elementor-element elementor-element-3dd3f76f elementor-widget elementor-widget-text-editor\" data-id=\"3dd3f76f\" data-element_type=\"widget\" data-widget_type=\"text-editor.default\">\n\t\t\t\t<div class=\"elementor-widget-container\">\n\t\t\t\t\t\t\t\t\t<p>Notic\u00edes<\/p>\t\t\t\t\t\t\t\t<\/div>\n\t\t\t\t<\/div>\n\t\t\t\t<div class=\"elementor-element elementor-element-ed7330b elementor-widget elementor-widget-text-editor\" data-id=\"ed7330b\" data-element_type=\"widget\" data-widget_type=\"text-editor.default\">\n\t\t\t\t<div class=\"elementor-widget-container\">\n\t\t\t\t\t\t\t\t\t<p>Aux\u00edlia Val\u00e8ncia \u00e9s una de les delegacions de l'Associaci\u00f3 Aux\u00edlia, entitat nacional amb delegacions a Madrid, Barcelona, Sevilla, M\u00farcia, Monforte de Lemos, Lugo i Zamora.<\/p>\t\t\t\t\t\t\t\t<\/div>\n\t\t\t\t<\/div>\n\t\t\t\t\t<\/div>\n\t\t<\/div>\n\t\t\t\t<div class=\"elementor-column elementor-col-16 elementor-top-column elementor-element elementor-element-602f7c0c\" data-id=\"602f7c0c\" data-element_type=\"column\">\n\t\t\t<div class=\"elementor-widget-wrap\">\n\t\t\t\t\t\t\t<\/div>\n\t\t<\/div>\n\t\t\t\t\t<\/div>\n\t\t<\/section>\n\t\t\t\t<section class=\"elementor-section elementor-top-section elementor-element elementor-element-57b6c95 elementor-section-boxed elementor-section-height-default elementor-section-height-default\" data-id=\"57b6c95\" data-element_type=\"section\">\n\t\t\t\t\t\t<div class=\"elementor-container elementor-column-gap-default\">\n\t\t\t\t\t<div class=\"elementor-column elementor-col-100 elementor-top-column elementor-element elementor-element-3c9b696\" data-id=\"3c9b696\" data-element_type=\"column\">\n\t\t\t<div class=\"elementor-widget-wrap elementor-element-populated\">\n\t\t\t\t\t\t<div class=\"elementor-element elementor-element-89d6054 elementor-grid-3 elementor-grid-tablet-2 elementor-grid-mobile-1 elementor-posts--thumbnail-top elementor-card-shadow-yes elementor-posts__hover-gradient elementor-widget elementor-widget-posts\" data-id=\"89d6054\" data-element_type=\"widget\" data-settings=\"{&quot;pagination_type&quot;:&quot;load_more_infinite_scroll&quot;,&quot;cards_columns&quot;:&quot;3&quot;,&quot;cards_columns_tablet&quot;:&quot;2&quot;,&quot;cards_columns_mobile&quot;:&quot;1&quot;,&quot;cards_row_gap&quot;:{&quot;unit&quot;:&quot;px&quot;,&quot;size&quot;:35,&quot;sizes&quot;:[]},&quot;cards_row_gap_tablet&quot;:{&quot;unit&quot;:&quot;px&quot;,&quot;size&quot;:&quot;&quot;,&quot;sizes&quot;:[]},&quot;cards_row_gap_mobile&quot;:{&quot;unit&quot;:&quot;px&quot;,&quot;size&quot;:&quot;&quot;,&quot;sizes&quot;:[]},&quot;load_more_spinner&quot;:{&quot;value&quot;:&quot;fas fa-spinner&quot;,&quot;library&quot;:&quot;fa-solid&quot;}}\" data-widget_type=\"posts.cards\">\n\t\t\t\t<div class=\"elementor-widget-container\">\n\t\t\t\t\t\t\t<div class=\"elementor-posts-container elementor-posts elementor-posts--skin-cards elementor-grid\" role=\"list\">\n\t\t\t\t<article class=\"elementor-post elementor-grid-item post-1954 post type-post status-publish format-standard has-post-thumbnail hentry category-actualidad\" role=\"listitem\">\n\t\t\t<div class=\"elementor-post__card\">\n\t\t\t\t<a class=\"elementor-post__thumbnail__link\" href=\"https:\/\/auxiliavalencia.es\/va\/exito-de-las-estancias-en-sinarcas\" tabindex=\"-1\" target=\"_blank\"><div class=\"elementor-post__thumbnail\"><img fetchpriority=\"high\" decoding=\"async\" width=\"300\" height=\"225\" src=\"https:\/\/auxiliavalencia.es\/wp-content\/uploads\/2024\/12\/WhatsApp-Image-2024-10-24-at-15.07.47-300x225.jpeg\" class=\"attachment-medium size-medium wp-image-1606\" alt=\"\" srcset=\"https:\/\/auxiliavalencia.es\/wp-content\/uploads\/2024\/12\/WhatsApp-Image-2024-10-24-at-15.07.47-300x225.jpeg 300w, https:\/\/auxiliavalencia.es\/wp-content\/uploads\/2024\/12\/WhatsApp-Image-2024-10-24-at-15.07.47-1024x768.jpeg 1024w, https:\/\/auxiliavalencia.es\/wp-content\/uploads\/2024\/12\/WhatsApp-Image-2024-10-24-at-15.07.47-768x576.jpeg 768w, https:\/\/auxiliavalencia.es\/wp-content\/uploads\/2024\/12\/WhatsApp-Image-2024-10-24-at-15.07.47-1536x1152.jpeg 1536w, https:\/\/auxiliavalencia.es\/wp-content\/uploads\/2024\/12\/WhatsApp-Image-2024-10-24-at-15.07.47-16x12.jpeg 16w, https:\/\/auxiliavalencia.es\/wp-content\/uploads\/2024\/12\/WhatsApp-Image-2024-10-24-at-15.07.47.jpeg 2000w\" sizes=\"(max-width: 300px) 100vw, 300px\" \/><\/div><\/a>\n\t\t\t\t<div class=\"elementor-post__badge\">Actualitat<\/div>\n\t\t\t\t<div class=\"elementor-post__text\">\n\t\t\t\t<h3 class=\"elementor-post__title\">\n\t\t\t<a href=\"https:\/\/auxiliavalencia.es\/va\/exito-de-las-estancias-en-sinarcas\" target=\"&quot;_blank&quot;\">\n\t\t\t\t\u00c9xito de las estancias en Sinarcas\t\t\t<\/a>\n\t\t<\/h3>\n\t\t\t\t<div class=\"elementor-post__excerpt\">\n\t\t\t<p>\u00c9xito de las estancias en Sinarcas Auxilia Valencia \/\u00a0Foros Del 18 al 20 de abril Auxilia Valencia celebr\u00f3 sus estancias vacacionales en el albergue Las<\/p>\n\t\t<\/div>\n\t\t\n\t\t<a class=\"elementor-post__read-more\" href=\"https:\/\/auxiliavalencia.es\/va\/exito-de-las-estancias-en-sinarcas\" aria-label=\"Read more about \u00c9xito de las estancias en Sinarcas\" tabindex=\"-1\" target=\"_blank\">\n\t\t\tLlegir m\u00e9s\t\t<\/a>\n\n\t\t\t\t<\/div>\n\t\t\t\t\t<\/div>\n\t\t<\/article>\n\t\t\t\t<article class=\"elementor-post elementor-grid-item post-1927 post type-post status-publish format-standard has-post-thumbnail hentry category-actualidad\" role=\"listitem\">\n\t\t\t<div class=\"elementor-post__card\">\n\t\t\t\t<a class=\"elementor-post__thumbnail__link\" href=\"https:\/\/auxiliavalencia.es\/va\/%f0%9f%8c%8d-haz-voluntariado\" tabindex=\"-1\" target=\"_blank\"><div class=\"elementor-post__thumbnail\"><img decoding=\"async\" width=\"212\" height=\"300\" src=\"https:\/\/auxiliavalencia.es\/wp-content\/uploads\/2025\/09\/hazvoluntariado-212x300.jpg\" class=\"attachment-medium size-medium wp-image-1935\" alt=\"\" srcset=\"https:\/\/auxiliavalencia.es\/wp-content\/uploads\/2025\/09\/hazvoluntariado-212x300.jpg 212w, https:\/\/auxiliavalencia.es\/wp-content\/uploads\/2025\/09\/hazvoluntariado-8x12.jpg 8w, https:\/\/auxiliavalencia.es\/wp-content\/uploads\/2025\/09\/hazvoluntariado.jpg 540w\" sizes=\"(max-width: 212px) 100vw, 212px\" \/><\/div><\/a>\n\t\t\t\t<div class=\"elementor-post__badge\">Actualitat<\/div>\n\t\t\t\t<div class=\"elementor-post__text\">\n\t\t\t\t<h3 class=\"elementor-post__title\">\n\t\t\t<a href=\"https:\/\/auxiliavalencia.es\/va\/%f0%9f%8c%8d-haz-voluntariado\" target=\"&quot;_blank&quot;\">\n\t\t\t\t\ud83c\udf0d \u00a1Haz voluntariado!\t\t\t<\/a>\n\t\t<\/h3>\n\t\t\t\t<div class=\"elementor-post__excerpt\">\n\t\t\t<p>\ud83c\udf0d \u00a1Haz voluntariado! Auxilia Valencia \/\u00a0Foros Del 9 al 15 de septiembre de 2025, Auxilia Valencia ha puesto en marcha una campa\u00f1a de sensibilizaci\u00f3n con<\/p>\n\t\t<\/div>\n\t\t\n\t\t<a class=\"elementor-post__read-more\" href=\"https:\/\/auxiliavalencia.es\/va\/%f0%9f%8c%8d-haz-voluntariado\" aria-label=\"Read more about \ud83c\udf0d \u00a1Haz voluntariado!\" tabindex=\"-1\" target=\"_blank\">\n\t\t\tLlegir m\u00e9s\t\t<\/a>\n\n\t\t\t\t<\/div>\n\t\t\t\t\t<\/div>\n\t\t<\/article>\n\t\t\t\t<article class=\"elementor-post elementor-grid-item post-1619 post type-post status-publish format-standard has-post-thumbnail hentry category-actualidad\" role=\"listitem\">\n\t\t\t<div class=\"elementor-post__card\">\n\t\t\t\t<a class=\"elementor-post__thumbnail__link\" href=\"https:\/\/auxiliavalencia.es\/va\/elementor-1619\" tabindex=\"-1\" target=\"_blank\"><div class=\"elementor-post__thumbnail\"><img decoding=\"async\" width=\"200\" height=\"300\" src=\"https:\/\/auxiliavalencia.es\/wp-content\/uploads\/2024\/12\/historiasdevida-200x300.jpg\" class=\"attachment-medium size-medium wp-image-1930\" alt=\"\" srcset=\"https:\/\/auxiliavalencia.es\/wp-content\/uploads\/2024\/12\/historiasdevida-200x300.jpg 200w, https:\/\/auxiliavalencia.es\/wp-content\/uploads\/2024\/12\/historiasdevida-683x1024.jpg 683w, https:\/\/auxiliavalencia.es\/wp-content\/uploads\/2024\/12\/historiasdevida-768x1152.jpg 768w, https:\/\/auxiliavalencia.es\/wp-content\/uploads\/2024\/12\/historiasdevida-8x12.jpg 8w, https:\/\/auxiliavalencia.es\/wp-content\/uploads\/2024\/12\/historiasdevida.jpg 900w\" sizes=\"(max-width: 200px) 100vw, 200px\" \/><\/div><\/a>\n\t\t\t\t<div class=\"elementor-post__badge\">Actualitat<\/div>\n\t\t\t\t<div class=\"elementor-post__text\">\n\t\t\t\t<h3 class=\"elementor-post__title\">\n\t\t\t<a href=\"https:\/\/auxiliavalencia.es\/va\/elementor-1619\" target=\"&quot;_blank&quot;\">\n\t\t\t\tHISTORIAS DE VIDA\t\t\t<\/a>\n\t\t<\/h3>\n\t\t\t\t<div class=\"elementor-post__excerpt\">\n\t\t\t<p>HISTORIAS DE VIDA\u00a0 \u00bfConoces mi diversidad?\u00a0 Ana, una joven so\u00f1adora y decidida Ana tiene 22 a\u00f1os, y nos abre las puertas a una historia que<\/p>\n\t\t<\/div>\n\t\t\n\t\t<a class=\"elementor-post__read-more\" href=\"https:\/\/auxiliavalencia.es\/va\/elementor-1619\" aria-label=\"Read more about HISTORIAS DE VIDA\" tabindex=\"-1\" target=\"_blank\">\n\t\t\tLlegir m\u00e9s\t\t<\/a>\n\n\t\t\t\t<\/div>\n\t\t\t\t\t<\/div>\n\t\t<\/article>\n\t\t\t\t<article class=\"elementor-post elementor-grid-item post-1605 post type-post status-publish format-standard has-post-thumbnail hentry category-actualidad\" role=\"listitem\">\n\t\t\t<div class=\"elementor-post__card\">\n\t\t\t\t<a class=\"elementor-post__thumbnail__link\" href=\"https:\/\/auxiliavalencia.es\/va\/necesitamos-viajes-adaptados\" tabindex=\"-1\" target=\"_blank\"><div class=\"elementor-post__thumbnail\"><img fetchpriority=\"high\" decoding=\"async\" width=\"300\" height=\"225\" src=\"https:\/\/auxiliavalencia.es\/wp-content\/uploads\/2024\/12\/WhatsApp-Image-2024-10-24-at-15.07.47-300x225.jpeg\" class=\"attachment-medium size-medium wp-image-1606\" alt=\"\" srcset=\"https:\/\/auxiliavalencia.es\/wp-content\/uploads\/2024\/12\/WhatsApp-Image-2024-10-24-at-15.07.47-300x225.jpeg 300w, https:\/\/auxiliavalencia.es\/wp-content\/uploads\/2024\/12\/WhatsApp-Image-2024-10-24-at-15.07.47-1024x768.jpeg 1024w, https:\/\/auxiliavalencia.es\/wp-content\/uploads\/2024\/12\/WhatsApp-Image-2024-10-24-at-15.07.47-768x576.jpeg 768w, https:\/\/auxiliavalencia.es\/wp-content\/uploads\/2024\/12\/WhatsApp-Image-2024-10-24-at-15.07.47-1536x1152.jpeg 1536w, https:\/\/auxiliavalencia.es\/wp-content\/uploads\/2024\/12\/WhatsApp-Image-2024-10-24-at-15.07.47-16x12.jpeg 16w, https:\/\/auxiliavalencia.es\/wp-content\/uploads\/2024\/12\/WhatsApp-Image-2024-10-24-at-15.07.47.jpeg 2000w\" sizes=\"(max-width: 300px) 100vw, 300px\" \/><\/div><\/a>\n\t\t\t\t<div class=\"elementor-post__badge\">Actualitat<\/div>\n\t\t\t\t<div class=\"elementor-post__text\">\n\t\t\t\t<h3 class=\"elementor-post__title\">\n\t\t\t<a href=\"https:\/\/auxiliavalencia.es\/va\/necesitamos-viajes-adaptados\" target=\"&quot;_blank&quot;\">\n\t\t\t\tNecesitamos viajes adaptados\t\t\t<\/a>\n\t\t<\/h3>\n\t\t\t\t<div class=\"elementor-post__excerpt\">\n\t\t\t<p>La urgencia de turismo accesible \u00abRompiendo barreras para viajar en grupo\u00bb \u00bfAlguna vez te has imaginado viajar con movilidad reducida? Este post busca hacer un<\/p>\n\t\t<\/div>\n\t\t\n\t\t<a class=\"elementor-post__read-more\" href=\"https:\/\/auxiliavalencia.es\/va\/necesitamos-viajes-adaptados\" aria-label=\"Read more about Necesitamos viajes adaptados\" tabindex=\"-1\" target=\"_blank\">\n\t\t\tLlegir m\u00e9s\t\t<\/a>\n\n\t\t\t\t<\/div>\n\t\t\t\t\t<\/div>\n\t\t<\/article>\n\t\t\t\t<article class=\"elementor-post elementor-grid-item post-1440 post type-post status-publish format-standard has-post-thumbnail hentry category-actualidad\" role=\"listitem\">\n\t\t\t<div class=\"elementor-post__card\">\n\t\t\t\t<a class=\"elementor-post__thumbnail__link\" href=\"https:\/\/auxiliavalencia.es\/va\/nueva-incorporacion-y-proyecto-en-auxilia\" tabindex=\"-1\" target=\"_blank\"><div class=\"elementor-post__thumbnail\"><img loading=\"lazy\" decoding=\"async\" width=\"300\" height=\"169\" src=\"https:\/\/auxiliavalencia.es\/wp-content\/uploads\/2023\/08\/51b4e8cde8cbea4425e61f8fa8aa9019-300x169.jpeg\" class=\"attachment-medium size-medium wp-image-1448\" alt=\"\" srcset=\"https:\/\/auxiliavalencia.es\/wp-content\/uploads\/2023\/08\/51b4e8cde8cbea4425e61f8fa8aa9019-300x169.jpeg 300w, https:\/\/auxiliavalencia.es\/wp-content\/uploads\/2023\/08\/51b4e8cde8cbea4425e61f8fa8aa9019-18x10.jpeg 18w, https:\/\/auxiliavalencia.es\/wp-content\/uploads\/2023\/08\/51b4e8cde8cbea4425e61f8fa8aa9019.jpeg 768w\" sizes=\"(max-width: 300px) 100vw, 300px\" \/><\/div><\/a>\n\t\t\t\t<div class=\"elementor-post__badge\">Actualitat<\/div>\n\t\t\t\t<div class=\"elementor-post__text\">\n\t\t\t\t<h3 class=\"elementor-post__title\">\n\t\t\t<a href=\"https:\/\/auxiliavalencia.es\/va\/nueva-incorporacion-y-proyecto-en-auxilia\" target=\"&quot;_blank&quot;\">\n\t\t\t\tNueva incorporaci\u00f3n y proyecto en Auxilia.\t\t\t<\/a>\n\t\t<\/h3>\n\t\t\t\t<div class=\"elementor-post__excerpt\">\n\t\t\t<p>El mes de julio Auxilia ha incorporado entre su personal a dos nuevos perfiles profesionales, el puesto de una persona , graduado en psicolog\u00eda y<\/p>\n\t\t<\/div>\n\t\t\n\t\t<a class=\"elementor-post__read-more\" href=\"https:\/\/auxiliavalencia.es\/va\/nueva-incorporacion-y-proyecto-en-auxilia\" aria-label=\"Read more about Nueva incorporaci\u00f3n y proyecto en Auxilia.\" tabindex=\"-1\" target=\"_blank\">\n\t\t\tLlegir m\u00e9s\t\t<\/a>\n\n\t\t\t\t<\/div>\n\t\t\t\t\t<\/div>\n\t\t<\/article>\n\t\t\t\t<article class=\"elementor-post elementor-grid-item post-394 post type-post status-publish format-standard has-post-thumbnail hentry category-actualidad\" role=\"listitem\">\n\t\t\t<div class=\"elementor-post__card\">\n\t\t\t\t<a class=\"elementor-post__thumbnail__link\" href=\"https:\/\/auxiliavalencia.es\/va\/rehabilitacion-y-salud\" tabindex=\"-1\" target=\"_blank\"><div class=\"elementor-post__thumbnail\"><img loading=\"lazy\" decoding=\"async\" width=\"300\" height=\"225\" src=\"https:\/\/auxiliavalencia.es\/wp-content\/uploads\/2020\/11\/IMG20201118190607-300x225.jpg\" class=\"attachment-medium size-medium wp-image-399\" alt=\"\" srcset=\"https:\/\/auxiliavalencia.es\/wp-content\/uploads\/2020\/11\/IMG20201118190607-300x225.jpg 300w, https:\/\/auxiliavalencia.es\/wp-content\/uploads\/2020\/11\/IMG20201118190607-1024x768.jpg 1024w, https:\/\/auxiliavalencia.es\/wp-content\/uploads\/2020\/11\/IMG20201118190607-768x576.jpg 768w, https:\/\/auxiliavalencia.es\/wp-content\/uploads\/2020\/11\/IMG20201118190607-1536x1152.jpg 1536w, https:\/\/auxiliavalencia.es\/wp-content\/uploads\/2020\/11\/IMG20201118190607-2048x1536.jpg 2048w\" sizes=\"(max-width: 300px) 100vw, 300px\" \/><\/div><\/a>\n\t\t\t\t<div class=\"elementor-post__badge\">Actualitat<\/div>\n\t\t\t\t<div class=\"elementor-post__text\">\n\t\t\t\t<h3 class=\"elementor-post__title\">\n\t\t\t<a href=\"https:\/\/auxiliavalencia.es\/va\/rehabilitacion-y-salud\" target=\"&quot;_blank&quot;\">\n\t\t\t\tRehabilitaci\u00f3 i Salut\t\t\t<\/a>\n\t\t<\/h3>\n\t\t\t\t<div class=\"elementor-post__excerpt\">\n\t\t\t<p>Rehabilitaci\u00f3n y Salud Auxilia Valencia \/\u00a0Noticias Luc\u00eda lleg\u00f3 a\u00a0AUXILIA\u00a0casi por casualidad. No nos conoc\u00eda el d\u00eda que, paseando por la playa durante el Festival de<\/p>\n\t\t<\/div>\n\t\t\n\t\t<a class=\"elementor-post__read-more\" href=\"https:\/\/auxiliavalencia.es\/va\/rehabilitacion-y-salud\" aria-label=\"Read more about Rehabilitaci\u00f3n y Salud\" tabindex=\"-1\" target=\"_blank\">\n\t\t\tLlegir m\u00e9s\t\t<\/a>\n\n\t\t\t\t<\/div>\n\t\t\t\t\t<\/div>\n\t\t<\/article>\n\t\t\t\t<\/div>\n\t\t\t\t\t<span class=\"e-load-more-spinner\">\n\t\t\t\t<i aria-hidden=\"true\" class=\"fas fa-spinner\"><\/i>\t\t\t<\/span>\n\t\t\n\t\t\t\t<div class=\"e-load-more-anchor\" data-page=\"1\" data-max-page=\"2\" data-next-page=\"https:\/\/auxiliavalencia.es\/va\/wp-json\/wp\/v2\/pages\/9\/page\/2\"><\/div>\n\t\t\t\t<div class=\"e-load-more-message\"><\/div>\n\t\t\t\t\t\t<\/div>\n\t\t\t\t<\/div>\n\t\t\t\t\t<\/div>\n\t\t<\/div>\n\t\t\t\t\t<\/div>\n\t\t<\/section>\n\t\t\t\t<\/div>","protected":false},"excerpt":{"rendered":"<p>Noticias Auxilia Valencia es una de las delegaciones de la Asociaci\u00f3n Auxilia, entidad nacional con delegaciones en Madrid, Barcelona, Sevilla, Murcia, Monforte de Lemos, Lugo y Zamora.<\/p>","protected":false},"author":1,"featured_media":0,"parent":0,"menu_order":0,"comment_status":"closed","ping_status":"closed","template":"","meta":{"footnotes":""},"class_list":["post-9","page","type-page","status-publish","hentry"],"_links":{"self":[{"href":"https:\/\/auxiliavalencia.es\/va\/wp-json\/wp\/v2\/pages\/9","targetHints":{"allow":["GET"]}}],"collection":[{"href":"https:\/\/auxiliavalencia.es\/va\/wp-json\/wp\/v2\/pages"}],"about":[{"href":"https:\/\/auxiliavalencia.es\/va\/wp-json\/wp\/v2\/types\/page"}],"author":[{"embeddable":true,"href":"https:\/\/auxiliavalencia.es\/va\/wp-json\/wp\/v2\/users\/1"}],"replies":[{"embeddable":true,"href":"https:\/\/auxiliavalencia.es\/va\/wp-json\/wp\/v2\/comments?post=9"}],"version-history":[{"count":22,"href":"https:\/\/auxiliavalencia.es\/va\/wp-json\/wp\/v2\/pages\/9\/revisions"}],"predecessor-version":[{"id":1724,"href":"https:\/\/auxiliavalencia.es\/va\/wp-json\/wp\/v2\/pages\/9\/revisions\/1724"}],"wp:attachment":[{"href":"https:\/\/auxiliavalencia.es\/va\/wp-json\/wp\/v2\/media?parent=9"}],"curies":[{"name":"wp","href":"https:\/\/api.w.org\/{rel}","templated":true}]}}